{"id":19244,"date":"2018-09-17T19:04:03","date_gmt":"2018-09-17T17:04:03","guid":{"rendered":"https:\/\/firmaitalia.it\/?page_id=19244"},"modified":"2020-07-28T15:19:14","modified_gmt":"2020-07-28T13:19:14","slug":"control-de-calidad","status":"publish","type":"page","link":"https:\/\/firmaitalia.it\/es\/control-de-calidad\/","title":{"rendered":"Control De Calidad"},"content":{"rendered":"<section  class=\"bg-image-srcset fix-background\" style=\"background-image: url(https:\/\/firmaitalia.it\/wp-content\/uploads\/2018\/07\/spaghetti-pomodoro-firma.jpg);\" data-bg-srcset=\"https:\/\/firmaitalia.it\/wp-content\/uploads\/2018\/07\/spaghetti-pomodoro-firma.jpg 1920w, https:\/\/firmaitalia.it\/wp-content\/uploads\/2018\/07\/spaghetti-pomodoro-firma-300x156.jpg 300w, https:\/\/firmaitalia.it\/wp-content\/uploads\/2018\/07\/spaghetti-pomodoro-firma-768x400.jpg 768w, https:\/\/firmaitalia.it\/wp-content\/uploads\/2018\/07\/spaghetti-pomodoro-firma-1024x533.jpg 1024w, https:\/\/firmaitalia.it\/wp-content\/uploads\/2018\/07\/spaghetti-pomodoro-firma-81x42.jpg 81w\"><div class=\"container\"><div class=\"row\"><div class=\"wpb_column hcode-column-container vc_col-sm-8 vc_col-md-6 col-xs-mobile-fullwidth\" data-front-class=\"col-xs-mobile-fullwidth\"><div class=\"vc-column-innner-wrapper\"><div class=\"separator-line bg-yellow no-margin-lr no-margin-top\"><\/div><div class=\"white-text slider-subtitle1 bg-inherit no-margin text-left no-padding\"  style=\"color:#ffffff !important\">Control De Calidad<\/div><\/div><\/div><\/div><\/div><\/section><section><div class=\"container\"><div class=\"row\"><div class=\"wpb_column hcode-column-container vc_col-sm-6 col-xs-mobile-fullwidth\" data-front-class=\"col-xs-mobile-fullwidth\"><div class=\"vc-column-innner-wrapper\"><h1 class=\"section-title \">Certificaciones<\/h1><p>Las materias primas y el producto terminado son sometidos a severos controles organol\u00e9pticos en la cocina experimental\u00a0 y sucesivamente verificados mediantes ex\u00e1menes qu\u00edmicos y microbiol\u00f3gicos en el laboratorio interno de an\u00e1lisis.<\/p>\n<p>A demostraci\u00f3n de la alta calidad de los procesos productivos,\u00a0 F.I.R.M.A. Italia S.p.a., est\u00e1 certificada<em> <strong>BRC<\/strong> y <strong>IFS<\/strong><\/em> al m\u00e1ximo nivel.<\/p>\n<\/div><\/div><div class=\"wpb_column hcode-column-container vc_col-sm-3 vc_col-xs-6\"><div class=\"vc-column-innner-wrapper\"><a href=\"https:\/\/firmaitalia.it\/wp-content\/uploads\/2020\/07\/IFS-2019-2735-F.I.R.M.A.-Italia-Spa.pdf\" target=\"_blank\"><img loading=\"lazy\" decoding=\"async\" width=\"595\" height=\"841\" src=\"https:\/\/firmaitalia.it\/wp-content\/uploads\/2020\/07\/IFS-2019-2735-F.I.R.M.A.-Italia-Spa.png\" class=\"\" alt=\"IFS 2019-2735 F.I.R.M.A. Italia Spa\" srcset=\"https:\/\/firmaitalia.it\/wp-content\/uploads\/2020\/07\/IFS-2019-2735-F.I.R.M.A.-Italia-Spa.png 595w, https:\/\/firmaitalia.it\/wp-content\/uploads\/2020\/07\/IFS-2019-2735-F.I.R.M.A.-Italia-Spa-212x300.png 212w, https:\/\/firmaitalia.it\/wp-content\/uploads\/2020\/07\/IFS-2019-2735-F.I.R.M.A.-Italia-Spa-81x114.png 81w\" sizes=\"auto, (max-width: 595px) 100vw, 595px\" \/><\/a><\/div><\/div><div class=\"wpb_column hcode-column-container vc_col-sm-3 vc_col-xs-6\"><div class=\"vc-column-innner-wrapper\"><a href=\"https:\/\/firmaitalia.it\/wp-content\/uploads\/2020\/07\/BRC-2019-2721-F.I.R.M.A.-Italia-Spa.pdf\" target=\"_blank\"><img loading=\"lazy\" decoding=\"async\" width=\"595\" height=\"841\" src=\"https:\/\/firmaitalia.it\/wp-content\/uploads\/2020\/07\/BRC-2019-2721-F.I.R.M.A.-Italia-Spa.png\" class=\"\" alt=\"BRC 2019-2721 F.I.R.M.A. Italia Spa\" srcset=\"https:\/\/firmaitalia.it\/wp-content\/uploads\/2020\/07\/BRC-2019-2721-F.I.R.M.A.-Italia-Spa.png 595w, https:\/\/firmaitalia.it\/wp-content\/uploads\/2020\/07\/BRC-2019-2721-F.I.R.M.A.-Italia-Spa-212x300.png 212w, https:\/\/firmaitalia.it\/wp-content\/uploads\/2020\/07\/BRC-2019-2721-F.I.R.M.A.-Italia-Spa-81x114.png 81w\" sizes=\"auto, (max-width: 595px) 100vw, 595px\" \/><\/a><\/div><\/div><\/div><\/div><\/section>","protected":false},"excerpt":{"rendered":"<p>Control De CalidadCertificacionesLas materias primas y el producto terminado son sometidos a severos controles organol\u00e9pticos en la cocina experimental\u00a0 y sucesivamente verificados mediantes ex\u00e1menes qu\u00edmicos y microbiol\u00f3gicos en el laboratorio interno de an\u00e1lisis. A demostraci\u00f3n de la alta calidad de los procesos productivos,\u00a0 F.I.R.M.A. Italia S.p.a., est\u00e1 certificada BRC y IFS al m\u00e1ximo nivel.<\/p>\n","protected":false},"author":3,"featured_media":0,"parent":0,"menu_order":0,"comment_status":"closed","ping_status":"closed","template":"","meta":{"footnotes":""},"class_list":["post-19244","page","type-page","status-publish","hentry"],"yoast_head":"<!-- This site is optimized with the Yoast SEO plugin v26.8 - https:\/\/yoast.com\/product\/yoast-seo-wordpress\/ -->\n<title>Control De Calidad &#171; Firma Italia<\/title>\n<meta name=\"robots\" content=\"index, follow, max-snippet:-1, max-image-preview:large, max-video-preview:-1\" \/>\n<link rel=\"canonical\" href=\"https:\/\/firmaitalia.it\/es\/control-de-calidad\/\" \/>\n<meta property=\"og:locale\" content=\"es_ES\" \/>\n<meta property=\"og:type\" content=\"article\" \/>\n<meta property=\"og:title\" content=\"Control De Calidad &#171; Firma Italia\" \/>\n<meta property=\"og:description\" content=\"Control De CalidadCertificacionesLas materias primas y el producto terminado son sometidos a severos controles organol\u00e9pticos en la cocina experimental\u00a0 y sucesivamente verificados mediantes ex\u00e1menes qu\u00edmicos y microbiol\u00f3gicos en el laboratorio interno de an\u00e1lisis. A demostraci\u00f3n de la alta calidad de los procesos productivos,\u00a0 F.I.R.M.A. Italia S.p.a., est\u00e1 certificada BRC y IFS al m\u00e1ximo nivel.\" \/>\n<meta property=\"og:url\" content=\"https:\/\/firmaitalia.it\/es\/control-de-calidad\/\" \/>\n<meta property=\"og:site_name\" content=\"Firma Italia\" \/>\n<meta property=\"article:modified_time\" content=\"2020-07-28T13:19:14+00:00\" \/>\n<meta name=\"twitter:card\" content=\"summary_large_image\" \/>\n<meta name=\"twitter:label1\" content=\"Tiempo de lectura\" \/>\n\t<meta name=\"twitter:data1\" content=\"1 minuto\" \/>\n<script type=\"application\/ld+json\" class=\"yoast-schema-graph\">{\"@context\":\"https:\/\/schema.org\",\"@graph\":[{\"@type\":\"WebPage\",\"@id\":\"https:\/\/firmaitalia.it\/es\/control-de-calidad\/\",\"url\":\"https:\/\/firmaitalia.it\/es\/control-de-calidad\/\",\"name\":\"Control De Calidad &#171; Firma Italia\",\"isPartOf\":{\"@id\":\"https:\/\/firmaitalia.it\/es\/#website\"},\"datePublished\":\"2018-09-17T17:04:03+00:00\",\"dateModified\":\"2020-07-28T13:19:14+00:00\",\"breadcrumb\":{\"@id\":\"https:\/\/firmaitalia.it\/es\/control-de-calidad\/#breadcrumb\"},\"inLanguage\":\"es\",\"potentialAction\":[{\"@type\":\"ReadAction\",\"target\":[\"https:\/\/firmaitalia.it\/es\/control-de-calidad\/\"]}]},{\"@type\":\"BreadcrumbList\",\"@id\":\"https:\/\/firmaitalia.it\/es\/control-de-calidad\/#breadcrumb\",\"itemListElement\":[{\"@type\":\"ListItem\",\"position\":1,\"name\":\"Home\",\"item\":\"https:\/\/firmaitalia.it\/es\/\"},{\"@type\":\"ListItem\",\"position\":2,\"name\":\"Control De Calidad\"}]},{\"@type\":\"WebSite\",\"@id\":\"https:\/\/firmaitalia.it\/es\/#website\",\"url\":\"https:\/\/firmaitalia.it\/es\/\",\"name\":\"Firma Italia\",\"description\":\"Fabbrica Italiana Risotti Minestre &amp; Affini\",\"potentialAction\":[{\"@type\":\"SearchAction\",\"target\":{\"@type\":\"EntryPoint\",\"urlTemplate\":\"https:\/\/firmaitalia.it\/es\/?s={search_term_string}\"},\"query-input\":{\"@type\":\"PropertyValueSpecification\",\"valueRequired\":true,\"valueName\":\"search_term_string\"}}],\"inLanguage\":\"es\"}]}<\/script>\n<!-- \/ Yoast SEO plugin. -->","yoast_head_json":{"title":"Control De Calidad &#171; Firma Italia","robots":{"index":"index","follow":"follow","max-snippet":"max-snippet:-1","max-image-preview":"max-image-preview:large","max-video-preview":"max-video-preview:-1"},"canonical":"https:\/\/firmaitalia.it\/es\/control-de-calidad\/","og_locale":"es_ES","og_type":"article","og_title":"Control De Calidad &#171; Firma Italia","og_description":"Control De CalidadCertificacionesLas materias primas y el producto terminado son sometidos a severos controles organol\u00e9pticos en la cocina experimental\u00a0 y sucesivamente verificados mediantes ex\u00e1menes qu\u00edmicos y microbiol\u00f3gicos en el laboratorio interno de an\u00e1lisis. A demostraci\u00f3n de la alta calidad de los procesos productivos,\u00a0 F.I.R.M.A. Italia S.p.a., est\u00e1 certificada BRC y IFS al m\u00e1ximo nivel.","og_url":"https:\/\/firmaitalia.it\/es\/control-de-calidad\/","og_site_name":"Firma Italia","article_modified_time":"2020-07-28T13:19:14+00:00","twitter_card":"summary_large_image","twitter_misc":{"Tiempo de lectura":"1 minuto"},"schema":{"@context":"https:\/\/schema.org","@graph":[{"@type":"WebPage","@id":"https:\/\/firmaitalia.it\/es\/control-de-calidad\/","url":"https:\/\/firmaitalia.it\/es\/control-de-calidad\/","name":"Control De Calidad &#171; Firma Italia","isPartOf":{"@id":"https:\/\/firmaitalia.it\/es\/#website"},"datePublished":"2018-09-17T17:04:03+00:00","dateModified":"2020-07-28T13:19:14+00:00","breadcrumb":{"@id":"https:\/\/firmaitalia.it\/es\/control-de-calidad\/#breadcrumb"},"inLanguage":"es","potentialAction":[{"@type":"ReadAction","target":["https:\/\/firmaitalia.it\/es\/control-de-calidad\/"]}]},{"@type":"BreadcrumbList","@id":"https:\/\/firmaitalia.it\/es\/control-de-calidad\/#breadcrumb","itemListElement":[{"@type":"ListItem","position":1,"name":"Home","item":"https:\/\/firmaitalia.it\/es\/"},{"@type":"ListItem","position":2,"name":"Control De Calidad"}]},{"@type":"WebSite","@id":"https:\/\/firmaitalia.it\/es\/#website","url":"https:\/\/firmaitalia.it\/es\/","name":"Firma Italia","description":"Fabbrica Italiana Risotti Minestre &amp; Affini","potentialAction":[{"@type":"SearchAction","target":{"@type":"EntryPoint","urlTemplate":"https:\/\/firmaitalia.it\/es\/?s={search_term_string}"},"query-input":{"@type":"PropertyValueSpecification","valueRequired":true,"valueName":"search_term_string"}}],"inLanguage":"es"}]}},"_links":{"self":[{"href":"https:\/\/firmaitalia.it\/es\/wp-json\/wp\/v2\/pages\/19244","targetHints":{"allow":["GET"]}}],"collection":[{"href":"https:\/\/firmaitalia.it\/es\/wp-json\/wp\/v2\/pages"}],"about":[{"href":"https:\/\/firmaitalia.it\/es\/wp-json\/wp\/v2\/types\/page"}],"author":[{"embeddable":true,"href":"https:\/\/firmaitalia.it\/es\/wp-json\/wp\/v2\/users\/3"}],"replies":[{"embeddable":true,"href":"https:\/\/firmaitalia.it\/es\/wp-json\/wp\/v2\/comments?post=19244"}],"version-history":[{"count":8,"href":"https:\/\/firmaitalia.it\/es\/wp-json\/wp\/v2\/pages\/19244\/revisions"}],"predecessor-version":[{"id":19508,"href":"https:\/\/firmaitalia.it\/es\/wp-json\/wp\/v2\/pages\/19244\/revisions\/19508"}],"wp:attachment":[{"href":"https:\/\/firmaitalia.it\/es\/wp-json\/wp\/v2\/media?parent=19244"}],"curies":[{"name":"wp","href":"https:\/\/api.w.org\/{rel}","templated":true}]}}