{"id":19239,"date":"2018-09-17T19:12:12","date_gmt":"2018-09-17T17:12:12","guid":{"rendered":"https:\/\/firmaitalia.it\/?page_id=19239"},"modified":"2026-02-16T10:54:02","modified_gmt":"2026-02-16T09:54:02","slug":"fabbrica-italiana-risotti-minestre-affini","status":"publish","type":"page","link":"https:\/\/firmaitalia.it\/es\/","title":{"rendered":"Fabbrica Italiana Risotti Minestre &#038; Affini"},"content":{"rendered":"<section id=\"slider\" class=\"no-padding\"><div class=\"container-fluid\"><div class=\"row\"><div class=\"wpb_column hcode-column-container  col-xs-mobile-fullwidth\" data-front-class=\"col-xs-mobile-fullwidth front-column-class\"><div class=\"vc-column-innner-wrapper\"><div class=\"background-slider-text\"><div class=\"container full-screen position-relative\"><div class=\"slider-typography\"><div class=\"slider-text-middle-main\"><div class=\"slider-text-bottom slider-text-middle5 text-left animated fadeInUp\"><span class=\"slider-title-big5 alt-font black-text\" style=\"color:#000000 !important \">F.I.R.M.A. ITALIA<\/span><span class=\"slider-subtitle5 black-text\" style=\"color:#000000 !important \">Calidad y Eficiencia,\r\nnuestra Misi\u00f3n<\/span><br><div class=\"separator-line bg-black no-margin-lr no-margin-top sm-margin-bottom-eleven xs-margin-bottom-thirteen\"><\/div><\/div><\/div><\/div><\/div><\/div><div id=\"hcode-owl-slider7\" class=\"owl-carousel owl-theme dot-pagination dark-pagination dark-navigation no-cursor  hcode-owl-slider7 \"><div class=\"item owl-bg-img full-screen bg-image-srcset\" style=\"background-image:url(https:\/\/firmaitalia.it\/wp-content\/uploads\/2018\/07\/spaghetti-pomodoro-firma.jpg)\" data-bg-srcset=\"https:\/\/firmaitalia.it\/wp-content\/uploads\/2018\/07\/spaghetti-pomodoro-firma.jpg 1920w, https:\/\/firmaitalia.it\/wp-content\/uploads\/2018\/07\/spaghetti-pomodoro-firma-300x156.jpg 300w, https:\/\/firmaitalia.it\/wp-content\/uploads\/2018\/07\/spaghetti-pomodoro-firma-768x400.jpg 768w, https:\/\/firmaitalia.it\/wp-content\/uploads\/2018\/07\/spaghetti-pomodoro-firma-1024x533.jpg 1024w, https:\/\/firmaitalia.it\/wp-content\/uploads\/2018\/07\/spaghetti-pomodoro-firma-81x42.jpg 81w\"><\/div><div class=\"item owl-bg-img full-screen bg-image-srcset\" style=\"background-image:url(https:\/\/firmaitalia.it\/wp-content\/uploads\/2018\/07\/risotto-funghi-porcini-firma.jpg)\" data-bg-srcset=\"https:\/\/firmaitalia.it\/wp-content\/uploads\/2018\/07\/risotto-funghi-porcini-firma.jpg 1920w, https:\/\/firmaitalia.it\/wp-content\/uploads\/2018\/07\/risotto-funghi-porcini-firma-300x156.jpg 300w, https:\/\/firmaitalia.it\/wp-content\/uploads\/2018\/07\/risotto-funghi-porcini-firma-768x400.jpg 768w, https:\/\/firmaitalia.it\/wp-content\/uploads\/2018\/07\/risotto-funghi-porcini-firma-1024x533.jpg 1024w, https:\/\/firmaitalia.it\/wp-content\/uploads\/2018\/07\/risotto-funghi-porcini-firma-81x42.jpg 81w\"><\/div><div class=\"item owl-bg-img full-screen bg-image-srcset\" style=\"background-image:url(https:\/\/firmaitalia.it\/wp-content\/uploads\/2018\/07\/risotto-zafferano-firma.jpg)\" data-bg-srcset=\"https:\/\/firmaitalia.it\/wp-content\/uploads\/2018\/07\/risotto-zafferano-firma.jpg 1920w, https:\/\/firmaitalia.it\/wp-content\/uploads\/2018\/07\/risotto-zafferano-firma-300x156.jpg 300w, https:\/\/firmaitalia.it\/wp-content\/uploads\/2018\/07\/risotto-zafferano-firma-768x400.jpg 768w, https:\/\/firmaitalia.it\/wp-content\/uploads\/2018\/07\/risotto-zafferano-firma-1024x533.jpg 1024w, https:\/\/firmaitalia.it\/wp-content\/uploads\/2018\/07\/risotto-zafferano-firma-81x42.jpg 81w\"><\/div><\/div>        <script type=\"text\/javascript\">jQuery(document).ready(function () { jQuery(\"#hcode-owl-slider7\").owlCarousel({ touchDrag: false, mouseDrag: false, nav: false,dots: false,animateIn: \"fadeIn\",animateOut: \"fadeOut\",autoplay:true, autoplayTimeout: 3000,autoplaySpeed: 700, autoplayHoverPause: false, loop: false, items: 1,dotsSpeed: 400,navText: [\"<i class='fas fa-angle-left'><\/i>\", \"<i class='fas fa-angle-right'><\/i>\"] }); });<\/script>\n    \t<\/div><\/div><\/div><\/div><\/section><section class=\"no-padding-bottom wow fadeIn\"><div class=\"container\"><div class=\"row\"><div class=\"wpb_column hcode-column-container center-col text-center vc_col-sm-10 vc_col-md-6 col-xs-mobile-fullwidth\" data-front-class=\"center-col text-center col-xs-mobile-fullwidth\"><div class=\"vc-column-innner-wrapper\"><span class=\"margin-five no-margin-top display-block letter-spacing-2\" >DESDE 1995<\/span><h2 class=\"h-1\">LA MISI\u00d3N DE F.I.R.M.A. ITALIA S.P.A.<\/h2><p class=\"text-med width-90 center-col margin-seven no-margin-bottom\">Ofrecer al consumidor productos de alta calidad y seguros, en el respeto de todas las normativas y\u00a0 reglamentaciones aplicables al sector de la alimentaci\u00f2n.<\/p>\n<\/div><\/div><\/div><\/div><\/section><section class=\"no-padding wow fadeIn\"><div class=\"container-fluid\"><div class=\"row\"><div class=\"wpb_column hcode-column-container text-center padding-three-tb margin-five-top  vc_col-md-12 vc_col-xs-12\" data-front-class=\"text-center padding-three-tb margin-five-top front-column-class\" data-background=#ee3d42 style=\" background:#ee3d42;\"><div class=\"vc-column-innner-wrapper\"><div class=\"text-small text-uppercase font-weight-600 black-text letter-spacing-2\"><span style=\"color: #ffffff;\">Fabbrica Italiana Risotti Minestre &amp; Affini<\/span><\/div>\n<\/div><\/div><\/div><\/div><\/section><section id=\"features\" class=\"features hcode-row-1 wow fadeIn\"><div class=\"container\"><div class=\"row\"><div class=\"wpb_column hcode-column-container text-center  col-xs-mobile-fullwidth\" data-front-class=\"text-center col-xs-mobile-fullwidth front-column-class\"><div class=\"vc-column-innner-wrapper\"><div class=\"heading-style-five \"><h3><img loading=\"lazy\" decoding=\"async\" width=\"70\" height=\"34\" src=\"https:\/\/firmaitalia.it\/wp-content\/uploads\/2018\/07\/firma-italia-icon-q.png\" class=\"icon-image\" alt=\"\" \/><\/h3><\/div>[vc_empty_space]<\/div><\/div><div class=\"wpb_column hcode-column-container margin-bottom-80px xs-margin-six-bottom vc_col-sm-6 vc_col-md-4 col-xs-mobile-fullwidth wow fadeInUp\" data-front-class=\"margin-bottom-80px xs-margin-six-bottom col-xs-mobile-fullwidth\"><div class=\"vc-column-innner-wrapper\"><div  class=\"col-md-12 no-padding\"><div class=\"col-md-3 col-sm-2 col-xs-2 no-padding\"><i class=\"fab fa-expeditedssl medium-icon\" ><\/i><\/div><div class=\"col-md-9 col-sm-9 col-xs-9 no-padding text-left f-right\"><h5 class=\"hcode-featurebox-1\">Fiabilidad<\/h5><div class=\"separator-line bg-yellow no-margin-lr\"><\/div><p>Seriedad, r\u00edgidez y continuos controles, criterios avanzados y de confianza , acompa\u00f1an cada fase del proceso productivo.<\/p>\n<\/div><\/div><\/div><\/div><div class=\"wpb_column hcode-column-container margin-bottom-80px xs-margin-six-bottom vc_col-sm-6 vc_col-md-4 col-xs-mobile-fullwidth wow fadeInUp\" data-front-class=\"margin-bottom-80px xs-margin-six-bottom col-xs-mobile-fullwidth\"><div class=\"vc-column-innner-wrapper\"><div  class=\"col-md-12 no-padding\"><div class=\"col-md-3 col-sm-2 col-xs-2 no-padding\"><i class=\"icon-trophy medium-icon\" ><\/i><\/div><div class=\"col-md-9 col-sm-9 col-xs-9 no-padding text-left f-right\"><h5 class=\"hcode-featurebox-2\">Empe\u00f1o<\/h5><div class=\"separator-line bg-yellow no-margin-lr\"><\/div><p class=\"text\">Empe\u00f1o constante de todas las personas que trabajan en la empresa, en un ambiente \u00a0con altos est\u00e1ndares sanitarios;\u00a0 en el respeto de las leyes y los reglamentos en materia de seguridad alimentaria.<\/p>\n<\/div><\/div><\/div><\/div><div class=\"wpb_column hcode-column-container margin-bottom-80px xs-margin-six-bottom vc_col-sm-6 vc_col-md-4 col-xs-mobile-fullwidth wow fadeInUp\" data-front-class=\"margin-bottom-80px xs-margin-six-bottom col-xs-mobile-fullwidth\"><div class=\"vc-column-innner-wrapper\"><div  class=\"col-md-12 no-padding\"><div class=\"col-md-3 col-sm-2 col-xs-2 no-padding\"><i class=\"icon-gears medium-icon\" ><\/i><\/div><div class=\"col-md-9 col-sm-9 col-xs-9 no-padding text-left f-right\"><h5 class=\"hcode-featurebox-3\">Eficiencia<\/h5><div class=\"separator-line bg-yellow no-margin-lr\"><\/div><p>La empresa est\u00e0 compuesta por 5 modulos separados y se desarrolla en una superficie superior a 16.000 metros cuadrados cubiertos, optimizada en modernos departamentos\u00a0 de producci\u00f3n y eficientes almacenes de almacenaje.<\/p>\n<\/div><\/div><\/div><\/div><\/div><\/div><\/section><section style=\"background-color:#5e5e5e;\"><div class=\"container\"><div class=\"row\"><div class=\"wpb_column hcode-column-container counter-section text-center sm-margin-ten-bottom vc_col-sm-6 vc_col-md-3 col-xs-mobile-fullwidth wow fadeInUp\" data-front-class=\"counter-section text-center sm-margin-ten-bottom col-xs-mobile-fullwidth\" data-wow-duration= 300ms><div class=\"vc-column-innner-wrapper\"><div class=\"counter-section\"><i class=\"fas fa-industry medium-icon\" ><\/i><span id=\"counter_1\" data-to=\"5\" class=\"counter-number white-text\">5<\/span><span class=\"counter-title\" style=\"color: #ababab\">Business Unit<\/span><\/div><\/div><\/div><div class=\"wpb_column hcode-column-container counter-section text-center sm-margin-ten-bottom vc_col-sm-6 vc_col-md-3 col-xs-mobile-fullwidth wow fadeInUp\" data-front-class=\"counter-section text-center sm-margin-ten-bottom col-xs-mobile-fullwidth\" data-wow-duration= 600ms><div class=\"vc-column-innner-wrapper\"><div class=\"counter-section\"><i class=\"icon-expand medium-icon\" ><\/i><span id=\"counter_2\" data-to=\"16000\" class=\"counter-number white-text\">16000<\/span><span class=\"counter-title\" style=\"color: #ababab\">MQ<\/span><\/div><\/div><\/div><div class=\"wpb_column hcode-column-container counter-section text-center xs-margin-ten-bottom vc_col-sm-6 vc_col-md-3 col-xs-mobile-fullwidth wow fadeInUp\" data-front-class=\"counter-section text-center xs-margin-ten-bottom col-xs-mobile-fullwidth\" data-wow-duration= 900ms><div class=\"vc-column-innner-wrapper\"><div class=\"counter-section\"><i class=\"icon-layers medium-icon\" ><\/i><span id=\"counter_3\" data-to=\"400\" class=\"counter-number white-text\">400<\/span><span class=\"counter-title\" style=\"color: #ababab\">Productos<\/span><\/div><\/div><\/div><div class=\"wpb_column hcode-column-container text-center vc_col-sm-6 vc_col-md-3 col-xs-mobile-fullwidth wow fadeInUp\" data-front-class=\"text-center col-xs-mobile-fullwidth\" data-wow-duration= 1200ms><div class=\"vc-column-innner-wrapper\"><div class=\"counter-section\"><i class=\"icon-clock medium-icon\" ><\/i><span id=\"counter_4\" data-to=\"24\" class=\"counter-number white-text\">24<\/span><span class=\"counter-title\" style=\"color: #ababab\">A\u00f1os de Experiencia<\/span><\/div><\/div><\/div><\/div><\/div><\/section><section class=\"no-padding-bottom sm-no-padding-bottom xs-no-padding-bottom\"><div class=\"container\"><div class=\"row\"><div class=\"wpb_column hcode-column-container text-center  vc_col-md-12 col-xs-mobile-fullwidth\" data-front-class=\"text-center col-xs-mobile-fullwidth front-column-class\"><div class=\"vc-column-innner-wrapper\"><h5 class=\"section-title no-padding margin-four-bottom black-text\">amplia gama de platos preparados deshidratados con t\u00edpicas recetas italianas e internacionales<\/h5><div class=\"separator-line margin-five\"  style = \"background-color: #ee3d42;\"><\/div><\/div><\/div><\/div><\/div><\/section><section class=\"no-padding sm-no-padding xs-no-padding wow fadeIn\"><div class=\"container\"><div class=\"row\"><div class=\"wpb_column hcode-column-container text-center sm-margin-eight-bottom vc_col-sm-6 vc_col-md-3 vc_col-xs-12\" data-front-class=\"text-center sm-margin-eight-bottom\"><div class=\"vc-column-innner-wrapper\"><div  class=\"work-process-sub position-relative overflow-hidden\" ><div class=\"work-process-text\"><span class=\"work-process-number font-weight-100 display-block yellow-text2\" style=\"color:#ee3d42;\">01<\/span><span class=\"text-uppercase letter-spacing-2 font-weight-600 display-block hcode-featurebox-4\" style=\"color:#000000;\">Recetas Italianas<\/span><div class=\"separator-line-thick bg-mid-gray margin-three\"><\/div><\/div><div class=\"work-process-details position-absolute display-block\"><i class=\"fas fa-utensils medium-icon display-block\" style=\"color:#ee3d42;\"><\/i><span class=\"text-small text-uppercase\">Risotos, Pasta, Espaguetis, Tortellinis,\r\nMenestras, Sopas, Salsas, Polenta<\/span><\/div><\/div><\/div><\/div><div class=\"wpb_column hcode-column-container text-center sm-margin-eight-bottom vc_col-sm-6 vc_col-md-3 vc_col-xs-12\" data-front-class=\"text-center sm-margin-eight-bottom\"><div class=\"vc-column-innner-wrapper\"><div  class=\"work-process-sub position-relative overflow-hidden\" ><div class=\"work-process-text\"><span class=\"work-process-number font-weight-100 display-block yellow-text2\" style=\"color:#ee3d42;\">02<\/span><span class=\"text-uppercase letter-spacing-2 font-weight-600 display-block hcode-featurebox-5\" style=\"color:#000000;\">Recetas Internacionales<\/span><div class=\"separator-line-thick bg-mid-gray margin-three\"><\/div><\/div><div class=\"work-process-details position-absolute display-block\"><i class=\"fas fa-external-link-alt medium-icon display-block\" style=\"color:#ee3d42;\"><\/i><span class=\"text-small text-uppercase\">Desarrollamos y producimos\r\nnumerosas recetas internacionales\r\nde gran \u00e9xito<\/span><\/div><\/div><\/div><\/div><div class=\"wpb_column hcode-column-container text-center xs-margin-eight-bottom vc_col-sm-6 vc_col-md-3 vc_col-xs-12\" data-front-class=\"text-center xs-margin-eight-bottom\"><div class=\"vc-column-innner-wrapper\"><div  class=\"work-process-sub position-relative overflow-hidden\" ><div class=\"work-process-text\"><span class=\"work-process-number font-weight-100 display-block yellow-text2\" style=\"color:#ee3d42;\">03<\/span><span class=\"text-uppercase letter-spacing-2 font-weight-600 display-block hcode-featurebox-6\" style=\"color:#000000;\">Personalizaci\u00f3n<\/span><div class=\"separator-line-thick bg-mid-gray margin-three\"><\/div><\/div><div class=\"work-process-details position-absolute display-block\"><i class=\"icon-edit medium-icon display-block\" style=\"color:#ee3d42;\"><\/i><span class=\"text-small text-uppercase\">Recetas personalizadas\r\ncon marca blanca<\/span><\/div><\/div><\/div><\/div><div class=\"wpb_column hcode-column-container text-center vc_col-sm-6 vc_col-md-3 vc_col-xs-12 wow fadeIn\" data-front-class=\"text-center\"><div class=\"vc-column-innner-wrapper\"><div  class=\"work-process-sub position-relative overflow-hidden\" ><div class=\"work-process-text\"><span class=\"work-process-number font-weight-100 display-block yellow-text2\" style=\"color:#ee3d42;\">04<\/span><span class=\"text-uppercase letter-spacing-2 font-weight-600 display-block hcode-featurebox-7\" style=\"color:#000000;\">Calidad<\/span><div class=\"separator-line-thick bg-mid-gray margin-three\"><\/div><\/div><div class=\"work-process-details position-absolute display-block\"><i class=\"far fa-copyright medium-icon display-block\" style=\"color:#ee3d42;\"><\/i><span class=\"text-small text-uppercase\">Respeto de los r\u00edgidos y severos\r\nreglamentos CEE<\/span><\/div><\/div><\/div><\/div><\/div><\/div><\/section><section><div class=\"container\"><div class=\"row\"><div class=\"wpb_column hcode-column-container text-center  vc_col-md-12 col-xs-mobile-fullwidth\" data-front-class=\"text-center col-xs-mobile-fullwidth front-column-class\"><div class=\"vc-column-innner-wrapper\"><a  href=\"https:\/\/firmaitalia.it\/es\/productos\/\" target=\"_self\"  class=\"inner-link button btn wow fadeInUp highlight-button btn-large\">Descubre Los Productos<\/a><\/div><\/div><\/div><\/div><\/section><section class=\"padding-three-tb wow fadeInUp\" style=\"background-color:#f2f2f2;\"><div class=\"container\"><div class=\"row\"><div class=\"wpb_column hcode-column-container sm-text-center  vc_col-md-1 col-xs-mobile-fullwidth\" data-front-class=\"sm-text-center col-xs-mobile-fullwidth front-column-class\"><div class=\"vc-column-innner-wrapper\">[vc_icon type=\"linecons\" icon_linecons=\"vc_li vc_li-paperplane\" color=\"black\" size=\"lg\" css=\".vc_custom_1532181527997{margin-bottom: 0px !important;}\"]<\/div><\/div><div class=\"wpb_column hcode-column-container sm-text-center no-padding  vc_col-md-6 col-xs-mobile-fullwidth\" data-front-class=\"sm-text-center no-padding col-xs-mobile-fullwidth front-column-class\"><div class=\"vc-column-innner-wrapper\"><div class=\"text-med text-uppercase letter-spacing-2 margin-two black-text font-weight-600 xs-margin-top-six xs-margin-bottom-six display-block\">\u00a1CONT\u00c1CTENOS PARA RECIBIR EL CAT\u00c1LOGO COMPLETO!<\/div>\n<\/div><\/div><div class=\"wpb_column hcode-column-container text-right sm-text-center no-padding  vc_col-md-5 col-xs-mobile-fullwidth\" data-front-class=\"text-right sm-text-center no-padding col-xs-mobile-fullwidth front-column-class\"><div class=\"vc-column-innner-wrapper\"><a  href=\"https:\/\/firmaitalia.it\/es\/contactos\/\" target=\"_self\"  class=\"inner-link button btn margin-lr-10px xs-margin-five-bottom highlight-button-dark btn-medium\">CONT\u00c1CTENOS<\/a><\/div><\/div><\/div><\/div><\/section><section><div class=\"container\"><div class=\"row\"><div class=\"wpb_column hcode-column-container text-center  col-xs-mobile-fullwidth\" data-front-class=\"text-center col-xs-mobile-fullwidth front-column-class\"><div class=\"vc-column-innner-wrapper\"><h3 class=\"section-title  black-text\">Ferias<\/h3><div class=\"hcode-space  margin-four-bottom\"><\/div>[vc_basic_grid post_type=\"post\" max_items=\"3\" element_width=\"3\" item=\"20166\" grid_id=\"vc_gid:1771235584507-37e8c834-3eb9-4\" taxonomies=\"48\"]<a  href=\"https:\/\/firmaitalia.it\/es\/fieras\/\" target=\"_self\"  class=\"inner-link button btn highlight-button btn-medium\">Todos Los Eventos<\/a><\/div><\/div><\/div><\/div><\/section>","protected":false},"excerpt":{"rendered":"<p>F.I.R.M.A. ITALIACalidad y Eficiencia, nuestra Misi\u00f3n DESDE 1995LA MISI\u00d3N DE F.I.R.M.A. ITALIA S.P.A.Ofrecer al consumidor productos de alta calidad y seguros, en el respeto de todas las normativas y\u00a0 reglamentaciones aplicables al sector de la alimentaci\u00f2n. Fabbrica Italiana Risotti Minestre &amp; Affini [vc_empty_space]FiabilidadSeriedad, r\u00edgidez y continuos controles, criterios avanzados y de confianza , acompa\u00f1an cada [&hellip;]<\/p>\n","protected":false},"author":3,"featured_media":0,"parent":0,"menu_order":0,"comment_status":"open","ping_status":"closed","template":"","meta":{"footnotes":""},"class_list":["post-19239","page","type-page","status-publish","hentry"],"yoast_head":"<!-- This site is optimized with the Yoast SEO plugin v26.8 - https:\/\/yoast.com\/product\/yoast-seo-wordpress\/ -->\n<title>Fabbrica Italiana Risotti Minestre &amp; Affini &#171; Firma Italia<\/title>\n<meta name=\"robots\" content=\"index, follow, max-snippet:-1, max-image-preview:large, max-video-preview:-1\" \/>\n<link rel=\"canonical\" href=\"https:\/\/firmaitalia.it\/es\/\" \/>\n<meta property=\"og:locale\" content=\"es_ES\" \/>\n<meta property=\"og:type\" content=\"article\" \/>\n<meta property=\"og:title\" content=\"Fabbrica Italiana Risotti Minestre &amp; Affini &#171; Firma Italia\" \/>\n<meta property=\"og:description\" content=\"F.I.R.M.A. ITALIACalidad y Eficiencia, nuestra Misi\u00f3n DESDE 1995LA MISI\u00d3N DE F.I.R.M.A. ITALIA S.P.A.Ofrecer al consumidor productos de alta calidad y seguros, en el respeto de todas las normativas y\u00a0 reglamentaciones aplicables al sector de la alimentaci\u00f2n. Fabbrica Italiana Risotti Minestre &amp; Affini [vc_empty_space]FiabilidadSeriedad, r\u00edgidez y continuos controles, criterios avanzados y de confianza , acompa\u00f1an cada [&hellip;]\" \/>\n<meta property=\"og:url\" content=\"https:\/\/firmaitalia.it\/es\/\" \/>\n<meta property=\"og:site_name\" content=\"Firma Italia\" \/>\n<meta property=\"article:modified_time\" content=\"2026-02-16T09:54:02+00:00\" \/>\n<meta name=\"twitter:card\" content=\"summary_large_image\" \/>\n<meta name=\"twitter:label1\" content=\"Tiempo de lectura\" \/>\n\t<meta name=\"twitter:data1\" content=\"9 minutos\" \/>\n<script type=\"application\/ld+json\" class=\"yoast-schema-graph\">{\"@context\":\"https:\/\/schema.org\",\"@graph\":[{\"@type\":\"WebPage\",\"@id\":\"https:\/\/firmaitalia.it\/es\/\",\"url\":\"https:\/\/firmaitalia.it\/es\/\",\"name\":\"Fabbrica Italiana Risotti Minestre & Affini &#171; Firma Italia\",\"isPartOf\":{\"@id\":\"https:\/\/firmaitalia.it\/es\/#website\"},\"datePublished\":\"2018-09-17T17:12:12+00:00\",\"dateModified\":\"2026-02-16T09:54:02+00:00\",\"breadcrumb\":{\"@id\":\"https:\/\/firmaitalia.it\/es\/#breadcrumb\"},\"inLanguage\":\"es\",\"potentialAction\":[{\"@type\":\"ReadAction\",\"target\":[\"https:\/\/firmaitalia.it\/es\/\"]}]},{\"@type\":\"BreadcrumbList\",\"@id\":\"https:\/\/firmaitalia.it\/es\/#breadcrumb\",\"itemListElement\":[{\"@type\":\"ListItem\",\"position\":1,\"name\":\"Home\",\"item\":\"https:\/\/firmaitalia.it\/es\/\"},{\"@type\":\"ListItem\",\"position\":2,\"name\":\"Fabbrica Italiana Risotti Minestre &#038; Affini\"}]},{\"@type\":\"WebSite\",\"@id\":\"https:\/\/firmaitalia.it\/es\/#website\",\"url\":\"https:\/\/firmaitalia.it\/es\/\",\"name\":\"Firma Italia\",\"description\":\"Fabbrica Italiana Risotti Minestre &amp; Affini\",\"potentialAction\":[{\"@type\":\"SearchAction\",\"target\":{\"@type\":\"EntryPoint\",\"urlTemplate\":\"https:\/\/firmaitalia.it\/es\/?s={search_term_string}\"},\"query-input\":{\"@type\":\"PropertyValueSpecification\",\"valueRequired\":true,\"valueName\":\"search_term_string\"}}],\"inLanguage\":\"es\"}]}<\/script>\n<!-- \/ Yoast SEO plugin. -->","yoast_head_json":{"title":"Fabbrica Italiana Risotti Minestre & Affini &#171; Firma Italia","robots":{"index":"index","follow":"follow","max-snippet":"max-snippet:-1","max-image-preview":"max-image-preview:large","max-video-preview":"max-video-preview:-1"},"canonical":"https:\/\/firmaitalia.it\/es\/","og_locale":"es_ES","og_type":"article","og_title":"Fabbrica Italiana Risotti Minestre & Affini &#171; Firma Italia","og_description":"F.I.R.M.A. ITALIACalidad y Eficiencia, nuestra Misi\u00f3n DESDE 1995LA MISI\u00d3N DE F.I.R.M.A. ITALIA S.P.A.Ofrecer al consumidor productos de alta calidad y seguros, en el respeto de todas las normativas y\u00a0 reglamentaciones aplicables al sector de la alimentaci\u00f2n. Fabbrica Italiana Risotti Minestre &amp; Affini [vc_empty_space]FiabilidadSeriedad, r\u00edgidez y continuos controles, criterios avanzados y de confianza , acompa\u00f1an cada [&hellip;]","og_url":"https:\/\/firmaitalia.it\/es\/","og_site_name":"Firma Italia","article_modified_time":"2026-02-16T09:54:02+00:00","twitter_card":"summary_large_image","twitter_misc":{"Tiempo de lectura":"9 minutos"},"schema":{"@context":"https:\/\/schema.org","@graph":[{"@type":"WebPage","@id":"https:\/\/firmaitalia.it\/es\/","url":"https:\/\/firmaitalia.it\/es\/","name":"Fabbrica Italiana Risotti Minestre & Affini &#171; Firma Italia","isPartOf":{"@id":"https:\/\/firmaitalia.it\/es\/#website"},"datePublished":"2018-09-17T17:12:12+00:00","dateModified":"2026-02-16T09:54:02+00:00","breadcrumb":{"@id":"https:\/\/firmaitalia.it\/es\/#breadcrumb"},"inLanguage":"es","potentialAction":[{"@type":"ReadAction","target":["https:\/\/firmaitalia.it\/es\/"]}]},{"@type":"BreadcrumbList","@id":"https:\/\/firmaitalia.it\/es\/#breadcrumb","itemListElement":[{"@type":"ListItem","position":1,"name":"Home","item":"https:\/\/firmaitalia.it\/es\/"},{"@type":"ListItem","position":2,"name":"Fabbrica Italiana Risotti Minestre &#038; Affini"}]},{"@type":"WebSite","@id":"https:\/\/firmaitalia.it\/es\/#website","url":"https:\/\/firmaitalia.it\/es\/","name":"Firma Italia","description":"Fabbrica Italiana Risotti Minestre &amp; Affini","potentialAction":[{"@type":"SearchAction","target":{"@type":"EntryPoint","urlTemplate":"https:\/\/firmaitalia.it\/es\/?s={search_term_string}"},"query-input":{"@type":"PropertyValueSpecification","valueRequired":true,"valueName":"search_term_string"}}],"inLanguage":"es"}]}},"_links":{"self":[{"href":"https:\/\/firmaitalia.it\/es\/wp-json\/wp\/v2\/pages\/19239","targetHints":{"allow":["GET"]}}],"collection":[{"href":"https:\/\/firmaitalia.it\/es\/wp-json\/wp\/v2\/pages"}],"about":[{"href":"https:\/\/firmaitalia.it\/es\/wp-json\/wp\/v2\/types\/page"}],"author":[{"embeddable":true,"href":"https:\/\/firmaitalia.it\/es\/wp-json\/wp\/v2\/users\/3"}],"replies":[{"embeddable":true,"href":"https:\/\/firmaitalia.it\/es\/wp-json\/wp\/v2\/comments?post=19239"}],"version-history":[{"count":24,"href":"https:\/\/firmaitalia.it\/es\/wp-json\/wp\/v2\/pages\/19239\/revisions"}],"predecessor-version":[{"id":20881,"href":"https:\/\/firmaitalia.it\/es\/wp-json\/wp\/v2\/pages\/19239\/revisions\/20881"}],"wp:attachment":[{"href":"https:\/\/firmaitalia.it\/es\/wp-json\/wp\/v2\/media?parent=19239"}],"curies":[{"name":"wp","href":"https:\/\/api.w.org\/{rel}","templated":true}]}}